{"id":2233,"date":"2025-04-07T14:32:31","date_gmt":"2025-04-07T14:32:31","guid":{"rendered":"https:\/\/compontodev.com\/vacationclub\/about-madeira\/"},"modified":"2025-10-03T10:05:52","modified_gmt":"2025-10-03T10:05:52","slug":"about-madeira","status":"publish","type":"page","link":"https:\/\/www.vacationclubsavoysignature.com\/de\/about-madeira\/","title":{"rendered":"\u00dcber Madeira"},"content":{"rendered":"<p>[et_pb_section fb_built=&#8220;1&#8243; _builder_version=&#8220;4.27.4&#8243; _module_preset=&#8220;default&#8220; custom_padding=&#8220;0px||0px||true|false&#8220; global_colors_info=&#8220;{}&#8220;][et_pb_row column_structure=&#8220;1_3,2_3&#8243; _builder_version=&#8220;4.27.4&#8243; _module_preset=&#8220;default&#8220; width=&#8220;100%&#8220; custom_padding=&#8220;0px||||false|false&#8220; global_colors_info=&#8220;{}&#8220;][et_pb_column type=&#8220;1_3&#8243; _builder_version=&#8220;4.27.4&#8243; _module_preset=&#8220;default&#8220; global_colors_info=&#8220;{}&#8220;][et_pb_text _builder_version=&#8220;4.27.4&#8243; _module_preset=&#8220;default&#8220; header_2_font_size=&#8220;36px&#8220; max_width=&#8220;350px&#8220; sticky_position=&#8220;top&#8220; sticky_offset_top=&#8220;50px&#8220; sticky_limit_bottom=&#8220;row&#8220; sticky_transition=&#8220;off&#8220; sticky_position_tablet=&#8220;none&#8220; sticky_position_phone=&#8220;none&#8220; sticky_position_last_edited=&#8220;on|desktop&#8220; global_colors_info=&#8220;{}&#8220;]<\/p>\n<h2>Culture and traditions, festivals and festivities, gardens full of colours, delicious local cuisine, the uniqueness of Madeira wine and the beauty of the embroidery are just the beginning of this story<\/h2>\n<p>[\/et_pb_text][\/et_pb_column][et_pb_column type=&#8220;2_3&#8243; _builder_version=&#8220;4.27.4&#8243; _module_preset=&#8220;default&#8220; global_colors_info=&#8220;{}&#8220;][et_pb_text _builder_version=&#8220;4.27.4&#8243; _module_preset=&#8220;default&#8220; max_width=&#8220;750px&#8220; global_colors_info=&#8220;{}&#8220;]<\/p>\n<p><strong>Madeira<\/strong>\u00a0ist ein wahres Geschenk der Natur mitten im Atlantik. Die makellose Landschaft bietet ein einzigartiges Panorama, in der Meer und W\u00e4lder, Berge und T\u00e4ler in einer perfekten Symbiose zusammenkommen.<\/p>\n<p>Einzigartig gelegen, etwa 1.000 km vom europ\u00e4ischen Kontinent und nur 500 km von der K\u00fcste Afrikas entfernt, besteht diese portugiesische Inselgruppe aus vier Inseln: Madeira, Porto Santo und zwei unbewohnten Inseln, den Desertas und den Selvagens. Die Insel Madeira hat eine Fl\u00e4che von 741 km\u00b2 (sie ist 57 km lang und 22 km breit).<\/p>\n<p><strong>Zug\u00e4ngliches Reiseziel:<\/strong> Diese Reise kann auf viele Arten beginnen. Am h\u00e4ufigsten reist man mit dem Flugzeug an. Internationale Fl\u00fcge sind h\u00e4ufig und von jeder gr\u00f6\u00dferen europ\u00e4ischen Stadt aus erreichbar, wobei die Reisen nie zu lang sind und durchschnittlich zwischen 3 und 4 Stunden dauern. Der Flug vom portugiesischen Festland aus dauert ca. 2 Stunden.<\/p>\n<p><strong>\u00a0<\/strong><\/p>\n<p><strong>Au\u00dfergew\u00f6hnliches Klima:<\/strong> Die geografische Lage der Insel Madeira und ihr gebirgiges Relief sorgen f\u00fcr ein unglaublich mildes Klima, das von 25\u00b0C im Sommer bis 17\u00b0C im Winter reicht, mit sehr milden Durchschnittstemperaturen und m\u00e4\u00dfiger Luftfeuchtigkeit. Verschiedene Mikroklimata sorgen f\u00fcr neue Empfindungen auf der ganzen Insel: frische Luft in den Bergen beim Erkunden herrlicher Wanderwege und Sonnenstunden w\u00e4hrend unglaublicher Bootsfahrten.<\/p>\n<p>&nbsp;<\/p>\n<p><strong>Paradies der Natursch\u00f6nheit<\/strong>: Majest\u00e4tisch erhebt sich eine Vulkaninsel im Atlantik aus einem versunkenen Gebirgszug. Entlang der Stra\u00dfen, die sich durch die D\u00f6rfer schl\u00e4ngeln, sehen die Levadas (Bew\u00e4sserungskan\u00e4le) aus wie Wasserb\u00e4nder, die sich durch die Landschaft schl\u00e4ngeln und unter der intensiven Sonne, die die Insel badet, schimmern. \u00dcberall finden sich exotische Blumen und leuchtende Farben. Mutter Natur hat diese Insel mit einer unvergleichlichen nat\u00fcrlichen Sch\u00f6nheit gesegnet, auf der Blumen und Fr\u00fcchte Seite an Seite wachsen. Entlang der K\u00fcste reichen die Farben von kristallklarem Hellblau \u00fcber Hellgr\u00fcn bis hin zu Wei\u00df, wenn die Wellen gegen die Klippen dieser Insel schlagen, die wahrhaftig ein schwimmender Garten im Atlantik ist.<\/p>\n<p><strong>\u00a0<\/strong><\/p>\n<p><strong>Erlebnisvielfalt:<\/strong> Verborgene Sch\u00e4tze und einzigartige Erlebnisse warten auf Sie. Neben den atemberaubenden Landschaften, zu denen auch der Lorbeerwald geh\u00f6rt, der von der UNESCO zum Weltkulturerbe erkl\u00e4rt wurde, hat Madeira viel zu bieten, sowohl in der Stadt als auch auf dem Land. Kultur und Traditionen, Feste und Festlichkeiten, farbenfrohe G\u00e4rten, eine k\u00f6stliche lokale K\u00fcche, die Einzigartigkeit des Madeira-Weins und die Sch\u00f6nheit der Stickereien sind nur der Anfang dieser Geschichte. Bootsfahrten, Wassersportarten, Golf und Bergwanderwege sind Teil einer Vielzahl von Aktivit\u00e4ten, die Sie auf magische Weise mit der Natur verbinden.<\/p>\n<p>&nbsp;<\/p>\n<p>&nbsp;<\/p>\n<p>&nbsp;<\/p>\n<p>&nbsp;<\/p>\n<p>[\/et_pb_text][et_pb_text _builder_version=&#8220;4.27.4&#8243; _module_preset=&#8220;default&#8220; max_width=&#8220;750px&#8220; global_colors_info=&#8220;{}&#8220;]<\/p>\n<h3>Unsere ruhige und sichere Insel erwartet Sie, um Ihnen fantastische Erlebnisse zu bescheren.<\/h3>\n<p>[\/et_pb_text][\/et_pb_column][\/et_pb_row][et_pb_row _builder_version=&#8220;4.27.4&#8243; _module_preset=&#8220;default&#8220; width=&#8220;100%&#8220; global_colors_info=&#8220;{}&#8220;][et_pb_column type=&#8220;4_4&#8243; _builder_version=&#8220;4.27.4&#8243; _module_preset=&#8220;default&#8220; global_colors_info=&#8220;{}&#8220;][dpddg_dynamic_gallery gallery_ids=&#8220;982,983,984,556,2614,987&#8243; show_overlay=&#8220;on&#8220; overlay_action=&#8220;gallery&#8220; overlay_data=&#8220;off|off|off&#8220; lightbox_data=&#8220;off|off|off&#8220; overlay_icon=&#8220;&#x30;||divi||400&#8243; overlay_color=&#8220;rgba(13,23,40,0.62)&#8220; overlay_icon_color=&#8220;#FFFFFF&#8220; _builder_version=&#8220;4.27.4&#8243; _module_preset=&#8220;default&#8220; global_colors_info=&#8220;{}&#8220;][\/dpddg_dynamic_gallery][\/et_pb_column][\/et_pb_row][et_pb_row _builder_version=&#8220;4.27.4&#8243; _module_preset=&#8220;default&#8220; width=&#8220;100%&#8220; global_colors_info=&#8220;{}&#8220;][et_pb_column type=&#8220;4_4&#8243; _builder_version=&#8220;4.27.4&#8243; _module_preset=&#8220;default&#8220; global_colors_info=&#8220;{}&#8220;][et_pb_text _builder_version=&#8220;4.27.4&#8243; _module_preset=&#8220;default&#8220; text_orientation=&#8220;center&#8220; custom_margin=&#8220;||80px|||&#8220; global_colors_info=&#8220;{}&#8220;]<\/p>\n<h1>Mehr \u00fcber Madeira<\/h1>\n<p>[\/et_pb_text][et_pb_dp_oc_custom show_arrow=&#8220;off&#8220; show_control=&#8220;off&#8220; thumbnail_size=&#8220;ocp_full&#8220; number_thumb=&#8220;3&#8243; number_thumb_tablet=&#8220;2&#8243; item_align=&#8220;center&#8220; item_margin=&#8220;100&#8243; item_margin_tablet=&#8220;&#8220; item_margin_phone=&#8220;&#8220; item_margin_last_edited=&#8220;on|phone&#8220; _builder_version=&#8220;4.27.4&#8243; _module_preset=&#8220;default&#8220; max_width=&#8220;80%&#8220; module_alignment=&#8220;center&#8220; hover_enabled=&#8220;0&#8243; custom_css_free_form=&#8220;.owl-carousel .owl-stage {||  display: flex;||  align-items: center;||}&#8220; global_colors_info=&#8220;{}&#8220; sticky_enabled=&#8220;0&#8243;][et_pb_dp_oc_custom_item upload_image=&#8220;https:\/\/www.vacationclubsavoysignature.com\/wp-content\/uploads\/2025\/04\/madeira-islands.png&#8220; url=&#8220;https:\/\/visitmadeira.com\/en&#8220; url_new_window=&#8220;on&#8220; image_alt_text=&#8220;Visit Madeira&#8220; image_title_text=&#8220;Visit Madeira&#8220; admin_title=&#8220;Visit Madeira&#8220; _builder_version=&#8220;4.27.4&#8243; _module_preset=&#8220;default&#8220; global_colors_info=&#8220;{}&#8220;][\/et_pb_dp_oc_custom_item][et_pb_dp_oc_custom_item upload_image=&#8220;https:\/\/www.vacationclubsavoysignature.com\/wp-content\/uploads\/2025\/04\/madeira-web.png&#8220; url=&#8220;https:\/\/www.madeira-web.com\/en\/&#8220; url_new_window=&#8220;on&#8220; image_alt_text=&#8220;Madeira web&#8220; image_title_text=&#8220;Madeira web&#8220; admin_title=&#8220;Madeira web&#8220; _builder_version=&#8220;4.27.4&#8243; _module_preset=&#8220;default&#8220; global_colors_info=&#8220;{}&#8220;][\/et_pb_dp_oc_custom_item][et_pb_dp_oc_custom_item _builder_version=&#8220;4.27.4&#8243; _module_preset=&#8220;default&#8220; alt=&#8220;Tourdesk&#8220; title_text=&#8220;Tourdesk&#8220; upload_image=&#8220;https:\/\/www.vacationclubsavoysignature.com\/wp-content\/uploads\/2025\/10\/Tourdesk.png&#8220; url=&#8220;https:\/\/savoysignaturevacationclub.tourdesk.pt\/Tour&#8220; image_alt_text=&#8220;Tour Desk&#8220; image_title_text=&#8220;Tour Desk&#8220; admin_title=&#8220;Tour Desk&#8220; hover_enabled=&#8220;0&#8243; sticky_enabled=&#8220;0&#8243;][\/et_pb_dp_oc_custom_item][\/et_pb_dp_oc_custom][\/et_pb_column][\/et_pb_row][\/et_pb_section]<\/p>\n","protected":false},"excerpt":{"rendered":"<p>Culture and traditions, festivals and festivities, gardens full of colours, delicious local cuisine, the uniqueness of Madeira wine and the beauty of the embroidery are just the beginning of this storyMadeira\u00a0ist ein wahres Geschenk der Natur mitten im Atlantik. Die makellose Landschaft bietet ein einzigartiges Panorama, in der Meer und W\u00e4lder, Berge und T\u00e4ler in [&hellip;]<\/p>\n","protected":false},"author":1,"featured_media":1740,"parent":0,"menu_order":0,"comment_status":"closed","ping_status":"closed","template":"","meta":{"_acf_changed":false,"_et_pb_use_builder":"on","_et_pb_old_content":"","_et_gb_content_width":"","footnotes":""},"class_list":["post-2233","page","type-page","status-publish","has-post-thumbnail","hentry"],"acf":[],"_links":{"self":[{"href":"https:\/\/www.vacationclubsavoysignature.com\/de\/wp-json\/wp\/v2\/pages\/2233","targetHints":{"allow":["GET"]}}],"collection":[{"href":"https:\/\/www.vacationclubsavoysignature.com\/de\/wp-json\/wp\/v2\/pages"}],"about":[{"href":"https:\/\/www.vacationclubsavoysignature.com\/de\/wp-json\/wp\/v2\/types\/page"}],"author":[{"embeddable":true,"href":"https:\/\/www.vacationclubsavoysignature.com\/de\/wp-json\/wp\/v2\/users\/1"}],"replies":[{"embeddable":true,"href":"https:\/\/www.vacationclubsavoysignature.com\/de\/wp-json\/wp\/v2\/comments?post=2233"}],"version-history":[{"count":6,"href":"https:\/\/www.vacationclubsavoysignature.com\/de\/wp-json\/wp\/v2\/pages\/2233\/revisions"}],"predecessor-version":[{"id":3215,"href":"https:\/\/www.vacationclubsavoysignature.com\/de\/wp-json\/wp\/v2\/pages\/2233\/revisions\/3215"}],"wp:featuredmedia":[{"embeddable":true,"href":"https:\/\/www.vacationclubsavoysignature.com\/de\/wp-json\/wp\/v2\/media\/1740"}],"wp:attachment":[{"href":"https:\/\/www.vacationclubsavoysignature.com\/de\/wp-json\/wp\/v2\/media?parent=2233"}],"curies":[{"name":"wp","href":"https:\/\/api.w.org\/{rel}","templated":true}]}}